{"id":95,"date":"2018-06-18T06:57:36","date_gmt":"2018-06-18T06:57:36","guid":{"rendered":"https:\/\/candilesyfaroles.com.mx\/web\/index.php\/home\/"},"modified":"2024-04-13T07:33:24","modified_gmt":"2024-04-13T07:33:24","slug":"inicio","status":"publish","type":"page","link":"https:\/\/candilesyfaroles.com.mx\/web\/","title":{"rendered":"Inicio"},"content":{"rendered":"\t\t<div data-elementor-type=\"wp-page\" data-elementor-id=\"95\" class=\"elementor elementor-95\" data-elementor-post-type=\"page\">\n\t\t\t\t\t\t<section class=\"elementor-section elementor-top-section elementor-element elementor-element-a584ef8 elementor-section-content-middle elementor-reverse-mobile elementor-section-boxed elementor-section-height-default elementor-section-height-default\" data-id=\"a584ef8\" data-element_type=\"section\" data-e-type=\"section\" data-settings=\"{&quot;background_background&quot;:&quot;classic&quot;}\">\n\t\t\t\t\t\t\t<div class=\"elementor-background-overlay\"><\/div>\n\t\t\t\t\t\t\t<div class=\"elementor-container elementor-column-gap-default\">\n\t\t\t\t\t<div class=\"elementor-column elementor-col-50 elementor-top-column elementor-element elementor-element-b7bcb4e\" data-id=\"b7bcb4e\" data-element_type=\"column\" data-e-type=\"column\">\n\t\t\t<div class=\"elementor-widget-wrap elementor-element-populated\">\n\t\t\t\t\t\t<div class=\"elementor-element elementor-element-b9d7191 elementor-widget elementor-widget-image\" data-id=\"b9d7191\" data-element_type=\"widget\" data-e-type=\"widget\" data-widget_type=\"image.default\">\n\t\t\t\t<div class=\"elementor-widget-container\">\n\t\t\t\t\t\t\t\t\t\t\t\t\t\t\t<img fetchpriority=\"high\" decoding=\"async\" width=\"608\" height=\"712\" src=\"https:\/\/candilesyfaroles.com.mx\/web\/wp-content\/uploads\/2021\/03\/CYF21-007.jpg\" class=\"attachment-large size-large wp-image-4501\" alt=\"\" srcset=\"https:\/\/candilesyfaroles.com.mx\/web\/wp-content\/uploads\/2021\/03\/CYF21-007.jpg 608w, https:\/\/candilesyfaroles.com.mx\/web\/wp-content\/uploads\/2021\/03\/CYF21-007-600x703.jpg 600w, https:\/\/candilesyfaroles.com.mx\/web\/wp-content\/uploads\/2021\/03\/CYF21-007-256x300.jpg 256w\" sizes=\"(max-width: 608px) 100vw, 608px\" \/>\t\t\t\t\t\t\t\t\t\t\t\t\t\t\t<\/div>\n\t\t\t\t<\/div>\n\t\t\t\t\t<\/div>\n\t\t<\/div>\n\t\t\t\t<div class=\"elementor-column elementor-col-50 elementor-top-column elementor-element elementor-element-39d5465\" data-id=\"39d5465\" data-element_type=\"column\" data-e-type=\"column\">\n\t\t\t<div class=\"elementor-widget-wrap elementor-element-populated\">\n\t\t\t\t\t\t<div class=\"elementor-element elementor-element-cbd1d88 elementor-widget elementor-widget-heading\" data-id=\"cbd1d88\" data-element_type=\"widget\" data-e-type=\"widget\" data-widget_type=\"heading.default\">\n\t\t\t\t<div class=\"elementor-widget-container\">\n\t\t\t\t\t<h1 class=\"elementor-heading-title elementor-size-default\">Candiles y Faroles<\/h1>\t\t\t\t<\/div>\n\t\t\t\t<\/div>\n\t\t\t\t<div class=\"elementor-element elementor-element-8c51def elementor-widget elementor-widget-heading\" data-id=\"8c51def\" data-element_type=\"widget\" data-e-type=\"widget\" data-widget_type=\"heading.default\">\n\t\t\t\t<div class=\"elementor-widget-container\">\n\t\t\t\t\t<h2 class=\"elementor-heading-title elementor-size-default\">Bienvenido<\/h2>\t\t\t\t<\/div>\n\t\t\t\t<\/div>\n\t\t\t\t<div class=\"elementor-element elementor-element-ba0aafc elementor-widget elementor-widget-text-editor\" data-id=\"ba0aafc\" data-element_type=\"widget\" data-e-type=\"widget\" data-widget_type=\"text-editor.default\">\n\t\t\t\t<div class=\"elementor-widget-container\">\n\t\t\t\t\t\t\t\t\t<p class=\"gen\" align=\"justify\">Somos fabricantes de productos artesanales en hierro y lamina lo que nos permite ofrecer los mejores precios y ofrecer a usted la artesania mexicana hecha segun sus especificaciones, hacemos lamparas, candiles y arbotantes en nuestros propios dise\u00f1os y en el dise\u00f1o que usted desee<\/p><p class=\"gen\" align=\"justify\">Hacemos presupuestos sin compromiso, mejoramos cualquier precio de la competencia garantizado, ya que nosotros les maquilamos a las grandes empresas.<\/p><p class=\"gen\" align=\"justify\">Si deseas ver m\u00e1s fotos comun\u00edcate a los tel\u00e9fonos o manda un correo y te las mandamos sin compromiso de compra.<\/p>\t\t\t\t\t\t\t\t<\/div>\n\t\t\t\t<\/div>\n\t\t\t\t\t<\/div>\n\t\t<\/div>\n\t\t\t\t\t<\/div>\n\t\t<\/section>\n\t\t\t\t<\/div>\n\t\t","protected":false},"excerpt":{"rendered":"<p>Candiles y Faroles Bienvenido Somos fabricantes de productos artesanales en hierro y lamina lo que nos permite ofrecer los mejores precios y ofrecer a usted la artesania mexicana hecha segun sus especificaciones, hacemos lamparas, candiles y arbotantes en nuestros propios dise\u00f1os y en el dise\u00f1o que usted desee Hacemos presupuestos sin compromiso, mejoramos cualquier precio [&hellip;]<\/p>\n","protected":false},"author":1,"featured_media":0,"parent":0,"menu_order":0,"comment_status":"closed","ping_status":"closed","template":"elementor_header_footer","meta":{"_joinchat":[],"footnotes":""},"class_list":["post-95","page","type-page","status-publish","hentry"],"yoast_head":"<!-- This site is optimized with the Yoast SEO plugin v27.0 - https:\/\/yoast.com\/product\/yoast-seo-wordpress\/ -->\n<title>Inicio - Candiles y Faroles<\/title>\n<meta name=\"description\" content=\"Somos fabricantes de productos artesanales en hierro y lamina lo que nos permite ofrecer los mejores precios en artesania mexicana\" \/>\n<meta name=\"robots\" content=\"index, follow, max-snippet:-1, max-image-preview:large, max-video-preview:-1\" \/>\n<link rel=\"canonical\" href=\"https:\/\/candilesyfaroles.com.mx\/web\/\" \/>\n<meta property=\"og:locale\" content=\"es_ES\" \/>\n<meta property=\"og:type\" content=\"article\" \/>\n<meta property=\"og:title\" content=\"Inicio - Candiles y Faroles\" \/>\n<meta property=\"og:description\" content=\"Somos fabricantes de productos artesanales en hierro y lamina lo que nos permite ofrecer los mejores precios en artesania mexicana\" \/>\n<meta property=\"og:url\" content=\"https:\/\/candilesyfaroles.com.mx\/web\/\" \/>\n<meta property=\"og:site_name\" content=\"Candiles y Faroles\" \/>\n<meta property=\"article:modified_time\" content=\"2024-04-13T07:33:24+00:00\" \/>\n<meta property=\"og:image\" content=\"https:\/\/candilesyfaroles.com.mx\/web\/wp-content\/uploads\/2021\/03\/CYF21-007.jpg\" \/>\n<meta name=\"twitter:card\" content=\"summary_large_image\" \/>\n<meta name=\"twitter:label1\" content=\"Tiempo de lectura\" \/>\n\t<meta name=\"twitter:data1\" content=\"2 minutos\" \/>\n<script type=\"application\/ld+json\" class=\"yoast-schema-graph\">{\"@context\":\"https:\/\/schema.org\",\"@graph\":[{\"@type\":\"WebPage\",\"@id\":\"https:\/\/candilesyfaroles.com.mx\/web\/\",\"url\":\"https:\/\/candilesyfaroles.com.mx\/web\/\",\"name\":\"Inicio - Candiles y Faroles\",\"isPartOf\":{\"@id\":\"https:\/\/candilesyfaroles.com.mx\/web\/#website\"},\"primaryImageOfPage\":{\"@id\":\"https:\/\/candilesyfaroles.com.mx\/web\/#primaryimage\"},\"image\":{\"@id\":\"https:\/\/candilesyfaroles.com.mx\/web\/#primaryimage\"},\"thumbnailUrl\":\"https:\/\/candilesyfaroles.com.mx\/web\/wp-content\/uploads\/2021\/03\/CYF21-007.jpg\",\"datePublished\":\"2018-06-18T06:57:36+00:00\",\"dateModified\":\"2024-04-13T07:33:24+00:00\",\"description\":\"Somos fabricantes de productos artesanales en hierro y lamina lo que nos permite ofrecer los mejores precios en artesania mexicana\",\"breadcrumb\":{\"@id\":\"https:\/\/candilesyfaroles.com.mx\/web\/#breadcrumb\"},\"inLanguage\":\"es\",\"potentialAction\":[{\"@type\":\"ReadAction\",\"target\":[\"https:\/\/candilesyfaroles.com.mx\/web\/\"]}]},{\"@type\":\"ImageObject\",\"inLanguage\":\"es\",\"@id\":\"https:\/\/candilesyfaroles.com.mx\/web\/#primaryimage\",\"url\":\"https:\/\/candilesyfaroles.com.mx\/web\/wp-content\/uploads\/2021\/03\/CYF21-007.jpg\",\"contentUrl\":\"https:\/\/candilesyfaroles.com.mx\/web\/wp-content\/uploads\/2021\/03\/CYF21-007.jpg\",\"width\":608,\"height\":712,\"caption\":\"CYF21-007\"},{\"@type\":\"BreadcrumbList\",\"@id\":\"https:\/\/candilesyfaroles.com.mx\/web\/#breadcrumb\",\"itemListElement\":[{\"@type\":\"ListItem\",\"position\":1,\"name\":\"Portada\",\"item\":\"https:\/\/candilesyfaroles.com.mx\/web\/\"},{\"@type\":\"ListItem\",\"position\":2,\"name\":\"Inicio\"}]},{\"@type\":\"WebSite\",\"@id\":\"https:\/\/candilesyfaroles.com.mx\/web\/#website\",\"url\":\"https:\/\/candilesyfaroles.com.mx\/web\/\",\"name\":\"Candiles y Faroles\",\"description\":\"Just another WordPress site\",\"publisher\":{\"@id\":\"https:\/\/candilesyfaroles.com.mx\/web\/#organization\"},\"alternateName\":\"Artesanos del hierro por 3 generaciones\",\"potentialAction\":[{\"@type\":\"SearchAction\",\"target\":{\"@type\":\"EntryPoint\",\"urlTemplate\":\"https:\/\/candilesyfaroles.com.mx\/web\/?s={search_term_string}\"},\"query-input\":{\"@type\":\"PropertyValueSpecification\",\"valueRequired\":true,\"valueName\":\"search_term_string\"}}],\"inLanguage\":\"es\"},{\"@type\":\"Organization\",\"@id\":\"https:\/\/candilesyfaroles.com.mx\/web\/#organization\",\"name\":\"Candiles y Faroles\",\"alternateName\":\"Artesanos del hierro por 3 generaciones\",\"url\":\"https:\/\/candilesyfaroles.com.mx\/web\/\",\"logo\":{\"@type\":\"ImageObject\",\"inLanguage\":\"es\",\"@id\":\"https:\/\/candilesyfaroles.com.mx\/web\/#\/schema\/logo\/image\/\",\"url\":\"https:\/\/candilesyfaroles.com.mx\/web\/wp-content\/uploads\/2021\/03\/Candiles-y-faroles.png\",\"contentUrl\":\"https:\/\/candilesyfaroles.com.mx\/web\/wp-content\/uploads\/2021\/03\/Candiles-y-faroles.png\",\"width\":552,\"height\":663,\"caption\":\"Candiles y Faroles\"},\"image\":{\"@id\":\"https:\/\/candilesyfaroles.com.mx\/web\/#\/schema\/logo\/image\/\"}}]}<\/script>\n<!-- \/ Yoast SEO plugin. -->","yoast_head_json":{"title":"Inicio - Candiles y Faroles","description":"Somos fabricantes de productos artesanales en hierro y lamina lo que nos permite ofrecer los mejores precios en artesania mexicana","robots":{"index":"index","follow":"follow","max-snippet":"max-snippet:-1","max-image-preview":"max-image-preview:large","max-video-preview":"max-video-preview:-1"},"canonical":"https:\/\/candilesyfaroles.com.mx\/web\/","og_locale":"es_ES","og_type":"article","og_title":"Inicio - Candiles y Faroles","og_description":"Somos fabricantes de productos artesanales en hierro y lamina lo que nos permite ofrecer los mejores precios en artesania mexicana","og_url":"https:\/\/candilesyfaroles.com.mx\/web\/","og_site_name":"Candiles y Faroles","article_modified_time":"2024-04-13T07:33:24+00:00","og_image":[{"url":"https:\/\/candilesyfaroles.com.mx\/web\/wp-content\/uploads\/2021\/03\/CYF21-007.jpg","type":"","width":"","height":""}],"twitter_card":"summary_large_image","twitter_misc":{"Tiempo de lectura":"2 minutos"},"schema":{"@context":"https:\/\/schema.org","@graph":[{"@type":"WebPage","@id":"https:\/\/candilesyfaroles.com.mx\/web\/","url":"https:\/\/candilesyfaroles.com.mx\/web\/","name":"Inicio - Candiles y Faroles","isPartOf":{"@id":"https:\/\/candilesyfaroles.com.mx\/web\/#website"},"primaryImageOfPage":{"@id":"https:\/\/candilesyfaroles.com.mx\/web\/#primaryimage"},"image":{"@id":"https:\/\/candilesyfaroles.com.mx\/web\/#primaryimage"},"thumbnailUrl":"https:\/\/candilesyfaroles.com.mx\/web\/wp-content\/uploads\/2021\/03\/CYF21-007.jpg","datePublished":"2018-06-18T06:57:36+00:00","dateModified":"2024-04-13T07:33:24+00:00","description":"Somos fabricantes de productos artesanales en hierro y lamina lo que nos permite ofrecer los mejores precios en artesania mexicana","breadcrumb":{"@id":"https:\/\/candilesyfaroles.com.mx\/web\/#breadcrumb"},"inLanguage":"es","potentialAction":[{"@type":"ReadAction","target":["https:\/\/candilesyfaroles.com.mx\/web\/"]}]},{"@type":"ImageObject","inLanguage":"es","@id":"https:\/\/candilesyfaroles.com.mx\/web\/#primaryimage","url":"https:\/\/candilesyfaroles.com.mx\/web\/wp-content\/uploads\/2021\/03\/CYF21-007.jpg","contentUrl":"https:\/\/candilesyfaroles.com.mx\/web\/wp-content\/uploads\/2021\/03\/CYF21-007.jpg","width":608,"height":712,"caption":"CYF21-007"},{"@type":"BreadcrumbList","@id":"https:\/\/candilesyfaroles.com.mx\/web\/#breadcrumb","itemListElement":[{"@type":"ListItem","position":1,"name":"Portada","item":"https:\/\/candilesyfaroles.com.mx\/web\/"},{"@type":"ListItem","position":2,"name":"Inicio"}]},{"@type":"WebSite","@id":"https:\/\/candilesyfaroles.com.mx\/web\/#website","url":"https:\/\/candilesyfaroles.com.mx\/web\/","name":"Candiles y Faroles","description":"Just another WordPress site","publisher":{"@id":"https:\/\/candilesyfaroles.com.mx\/web\/#organization"},"alternateName":"Artesanos del hierro por 3 generaciones","potentialAction":[{"@type":"SearchAction","target":{"@type":"EntryPoint","urlTemplate":"https:\/\/candilesyfaroles.com.mx\/web\/?s={search_term_string}"},"query-input":{"@type":"PropertyValueSpecification","valueRequired":true,"valueName":"search_term_string"}}],"inLanguage":"es"},{"@type":"Organization","@id":"https:\/\/candilesyfaroles.com.mx\/web\/#organization","name":"Candiles y Faroles","alternateName":"Artesanos del hierro por 3 generaciones","url":"https:\/\/candilesyfaroles.com.mx\/web\/","logo":{"@type":"ImageObject","inLanguage":"es","@id":"https:\/\/candilesyfaroles.com.mx\/web\/#\/schema\/logo\/image\/","url":"https:\/\/candilesyfaroles.com.mx\/web\/wp-content\/uploads\/2021\/03\/Candiles-y-faroles.png","contentUrl":"https:\/\/candilesyfaroles.com.mx\/web\/wp-content\/uploads\/2021\/03\/Candiles-y-faroles.png","width":552,"height":663,"caption":"Candiles y Faroles"},"image":{"@id":"https:\/\/candilesyfaroles.com.mx\/web\/#\/schema\/logo\/image\/"}}]}},"_links":{"self":[{"href":"https:\/\/candilesyfaroles.com.mx\/web\/wp-json\/wp\/v2\/pages\/95","targetHints":{"allow":["GET"]}}],"collection":[{"href":"https:\/\/candilesyfaroles.com.mx\/web\/wp-json\/wp\/v2\/pages"}],"about":[{"href":"https:\/\/candilesyfaroles.com.mx\/web\/wp-json\/wp\/v2\/types\/page"}],"author":[{"embeddable":true,"href":"https:\/\/candilesyfaroles.com.mx\/web\/wp-json\/wp\/v2\/users\/1"}],"replies":[{"embeddable":true,"href":"https:\/\/candilesyfaroles.com.mx\/web\/wp-json\/wp\/v2\/comments?post=95"}],"version-history":[{"count":17,"href":"https:\/\/candilesyfaroles.com.mx\/web\/wp-json\/wp\/v2\/pages\/95\/revisions"}],"predecessor-version":[{"id":4764,"href":"https:\/\/candilesyfaroles.com.mx\/web\/wp-json\/wp\/v2\/pages\/95\/revisions\/4764"}],"wp:attachment":[{"href":"https:\/\/candilesyfaroles.com.mx\/web\/wp-json\/wp\/v2\/media?parent=95"}],"curies":[{"name":"wp","href":"https:\/\/api.w.org\/{rel}","templated":true}]}}